{"id":361,"date":"2020-12-23T15:05:32","date_gmt":"2020-12-23T13:05:32","guid":{"rendered":"https:\/\/prelucram.ro\/?post_type=product&#038;p=361"},"modified":"2022-07-06T11:35:07","modified_gmt":"2022-07-06T08:35:07","slug":"tablou-personalizat-heart-shape-cu-fotografie","status":"publish","type":"product","link":"https:\/\/prelucram.ro\/index.php\/product\/tablou-personalizat-heart-shape-cu-fotografie\/","title":{"rendered":"Tablou personalizat- heart shape cu fotografie"},"content":{"rendered":"<p>Dup\u0103 un timp devine din ce \u00een ce mai greu s\u0103 \u00ee\u021bi surprinzi partenerul&#8230; dar dac\u0103&#8230;?<\/p>\n<p>DAC\u0102 \u00eei faci un cadou personalizat?<\/p>\n<p>Probabil deja ave\u021bi o mul\u021bime de fotografii \u00een rame obi\u0219nuite \u00een toate col\u021burile casei. Alege\u021bi s\u0103 aduce\u021bi pu\u021bin\u0103 culoare!<\/p>\n","protected":false},"excerpt":{"rendered":"<p>Tabloul este format dintr-o singur\u0103 pies\u0103, prelucrat\u0103 din lemn masiv \u0219i l\u0103cuit\u0103.<\/p>\n<p>La cererea clientului putem ad\u0103uga: mesaj diferit, personalizat, fotografie la alegere, sticl\u0103 protec\u021bie.<\/p>\n<p>Scrie in casuta de mai jos mesajul care vrei sa apara pe rama. Dupa ce faci comanda te vom contacta oricum pentru a ne asigura de toate detaliile.<\/p>\n","protected":false},"featured_media":362,"template":"","meta":{"_monsterinsights_skip_tracking":false,"_monsterinsights_sitenote_active":false,"_monsterinsights_sitenote_note":"","_monsterinsights_sitenote_category":0},"product_brand":[],"product_cat":[18],"product_tag":[],"class_list":{"0":"post-361","1":"product","2":"type-product","3":"status-publish","4":"has-post-thumbnail","6":"product_cat-cadouri-personalizate-din-lemn","8":"first","9":"instock","10":"shipping-taxable","11":"product-type-simple"},"_links":{"self":[{"href":"https:\/\/prelucram.ro\/index.php\/wp-json\/wp\/v2\/product\/361","targetHints":{"allow":["GET"]}}],"collection":[{"href":"https:\/\/prelucram.ro\/index.php\/wp-json\/wp\/v2\/product"}],"about":[{"href":"https:\/\/prelucram.ro\/index.php\/wp-json\/wp\/v2\/types\/product"}],"wp:featuredmedia":[{"embeddable":true,"href":"https:\/\/prelucram.ro\/index.php\/wp-json\/wp\/v2\/media\/362"}],"wp:attachment":[{"href":"https:\/\/prelucram.ro\/index.php\/wp-json\/wp\/v2\/media?parent=361"}],"wp:term":[{"taxonomy":"product_brand","embeddable":true,"href":"https:\/\/prelucram.ro\/index.php\/wp-json\/wp\/v2\/product_brand?post=361"},{"taxonomy":"product_cat","embeddable":true,"href":"https:\/\/prelucram.ro\/index.php\/wp-json\/wp\/v2\/product_cat?post=361"},{"taxonomy":"product_tag","embeddable":true,"href":"https:\/\/prelucram.ro\/index.php\/wp-json\/wp\/v2\/product_tag?post=361"}],"curies":[{"name":"wp","href":"https:\/\/api.w.org\/{rel}","templated":true}]}}