{"id":524,"date":"2021-01-25T17:52:05","date_gmt":"2021-01-25T15:52:05","guid":{"rendered":"https:\/\/prelucram.ro\/?post_type=product&#038;p=524"},"modified":"2022-07-06T11:34:12","modified_gmt":"2022-07-06T08:34:12","slug":"suport-chitara","status":"publish","type":"product","link":"https:\/\/prelucram.ro\/index.php\/product\/suport-chitara\/","title":{"rendered":"Suport chitar\u0103"},"content":{"rendered":"<p><strong><em>E\u0219ti pasionat de muzic\u0103?\u00a0 Chitara e cel mai bun prieten al t\u0103u?\u00a0<\/em><\/strong><\/p>\n<p><strong><span style=\"color: #ff0000;\" data-darkreader-inline-color=\"\">Te \u00een\u021belegem&#8230;<\/span><\/strong> Tocmai din acest motiv am proiectat acest suport de chitar\u0103, gravat cu toate trupele noastre preferate.<\/p>\n<p><strong><em>\u021ai se pare o idee bun\u0103?<\/em><\/strong> Las\u0103-ne mai jos detalii despre ce ai vrea s\u0103 grav\u0103m pe suportul <span style=\"color: #ff0000;\" data-darkreader-inline-color=\"\"><strong>t\u0103u\u00a0<\/strong><span style=\"color: #000000;\" data-darkreader-inline-color=\"\">de chitar\u0103.<\/span><\/span><\/p>\n","protected":false},"excerpt":{"rendered":"<p>Suport pentru chitar\u0103, format din dou\u0103 piese deta\u0219abile (\u00een caz de nevoie, poate fi pliat), prelucrat din lemn masiv.<\/p>\n<p>Se poate personaliza la solicitarea clientului. Produsul este \u0219lefuit \u0219i l\u0103cuit, iar gravura poate fi colorat\u0103.<\/p>\n","protected":false},"featured_media":525,"template":"","meta":{"_monsterinsights_skip_tracking":false,"_monsterinsights_sitenote_active":false,"_monsterinsights_sitenote_note":"","_monsterinsights_sitenote_category":0},"product_brand":[],"product_cat":[18],"product_tag":[],"class_list":{"0":"post-524","1":"product","2":"type-product","3":"status-publish","4":"has-post-thumbnail","6":"product_cat-cadouri-personalizate-din-lemn","8":"first","9":"instock","10":"shipping-taxable","11":"product-type-simple"},"_links":{"self":[{"href":"https:\/\/prelucram.ro\/index.php\/wp-json\/wp\/v2\/product\/524","targetHints":{"allow":["GET"]}}],"collection":[{"href":"https:\/\/prelucram.ro\/index.php\/wp-json\/wp\/v2\/product"}],"about":[{"href":"https:\/\/prelucram.ro\/index.php\/wp-json\/wp\/v2\/types\/product"}],"wp:featuredmedia":[{"embeddable":true,"href":"https:\/\/prelucram.ro\/index.php\/wp-json\/wp\/v2\/media\/525"}],"wp:attachment":[{"href":"https:\/\/prelucram.ro\/index.php\/wp-json\/wp\/v2\/media?parent=524"}],"wp:term":[{"taxonomy":"product_brand","embeddable":true,"href":"https:\/\/prelucram.ro\/index.php\/wp-json\/wp\/v2\/product_brand?post=524"},{"taxonomy":"product_cat","embeddable":true,"href":"https:\/\/prelucram.ro\/index.php\/wp-json\/wp\/v2\/product_cat?post=524"},{"taxonomy":"product_tag","embeddable":true,"href":"https:\/\/prelucram.ro\/index.php\/wp-json\/wp\/v2\/product_tag?post=524"}],"curies":[{"name":"wp","href":"https:\/\/api.w.org\/{rel}","templated":true}]}}